{"id":63,"date":"2016-05-11T19:15:21","date_gmt":"2016-05-11T19:15:21","guid":{"rendered":"https:\/\/www.dirriwachter.com\/wordpress\/?page_id=63"},"modified":"2024-04-02T22:45:10","modified_gmt":"2024-04-02T20:45:10","slug":"orkest","status":"publish","type":"page","link":"https:\/\/www.dirriwachter.com\/wordpress\/orkest\/","title":{"rendered":"Orkest"},"content":{"rendered":"<p><b>Ta Tria<br \/>Promvariaties<br \/>Le Tambour et l\u2019Amour<br \/>Mixing Memory and Desire<br \/>Vier St\u00fccke f\u00fcr Klarinette und Orchester<br \/>Piano Concerto<\/b><br \/><b>6 Adagios voor strijkorkest<\/b><br \/><b>Suite br\u00eave voor fanfare orkest<br \/>Le roi et le tambour<br \/>West African suite<br \/><\/b><\/p>\n<hr \/>\n<p><b>Ta Tria<\/b> (1964) balletsuite voor symfonie-orkest (2222 2110 timp perc xyl pf str) in samenwerking met Daan Manneke en Marinus Kasbergen.<br \/>Deel 2: Blues in violet, deel 5: Sarabande.<\/p>\n<p>Eerste uitvoering op 20 juni 1964 in de Stadsschouwburg te Tilburg door de orkestklas van het Brabants Conservatorium o.l.v. Jan Out in samenwerking met de Balletacademie van het Brabants Conservatorium, m.m.v. gastsolisten van de Rotterdamse Dansacademie en dansgroepen van de Eindhovense Muziekschool. Choreografie: Philip Nasta. D\u00e9cor, licht en costuums: Jan Asselbergs.<\/p>\n<p>Niet uitgegeven; orkestmateriaal: bibliotheek\u00a0 van het Brabants Conservatorium.<br \/>Tijdsduur: elk deel ca. 5 min.<br \/>Zie ook <i>toelichting<\/i><\/p>\n<hr \/>\n<p><b>Promvariaties<\/b> (1978) voor symfonie-orkest (2222 2sax-a 2221 timp perc xyl str) en community-singing ad lib.<\/p>\n<p>Eerste uitvoering op 25-11-1978 door het orkest van het Conservatorium Groningen o.l.v. de componist ter afsluiting van de Nederlandse Muziekweek in de grote zaal van de Oosterpoort te Groningen.<\/p>\n<p>Uitgave: Donemus, Amsterdam 1978.<br \/>Tijdsduur: ca. 18 min.<br \/>Zie ook <i>toelichting<\/i><\/p>\n<hr \/>\n<p><b>Le Tambour et l\u2019Amour <\/b>(1985), drie stukken voor symfonie-orkest (2222 2220 timp perc xyl camp str), op thematiek ontleend aan acht Franse volksliederen.<br \/>In opdracht van de NCRV t.g.v. haar 60-jarig jubileum.<\/p>\n<p>Eerste uitvoering (radio) op 14-05-1985 door het JMSO uit Groningen o.l.v. Rob Smit.<\/p>\n<p>Niet uitgegeven.<br \/>Tijdsduur: ca. 12 min.<br \/>Zie ook <i>toelichting<\/i><\/p>\n<hr \/>\n<p><b>Mixing Memory and Desire<\/b> (1994), concert voor altviool en symfonie-orkest\u00a0(3131 2231 pf str \/ xyl ad lib).<\/p>\n<p>Voor Kees Dekkers die er de eerste uitvoering van gaf m.m.v. het orkest van het Conservatorium Groningen o.l.v. de componist op 18-12-1994 in de grote zaal van de Oosterpoort.<\/p>\n<p>Niet uitgegeven.<br \/>Tijdsduur: ca. 15 min.<br \/>Zie ook <i>toelichting<\/i><\/p>\n<hr \/>\n<p><b>Vier St\u00fccke f\u00fcr Klarinette und Orchester<\/b> (2003), orkestratie van de pianopartij van Opus 5 van Alban Berg (2202 4230 perc str).<\/p>\n<p>Voor de klarinettiste Yfynke Hoogeveen.<\/p>\n<p>Niet uitgegeven.<br \/>Tijdsduur: ca. 8 min.<i><br \/><\/i>Zie ook <i>toelichting<\/i><\/p>\n<hr \/>\n<p><b>Piano Concerto <\/b>(2008) transcriptie van het altvioolconcert uit 1994 voor piano en orkest (3333 2231\u00a0 2perc xyl pf str)<\/p>\n<p>Uitgave: Donemus, Den Haag 2016<br \/>Tijdsduur: ca. 15 min.<i><br \/><\/i>Zie ook <i>toelichting<\/i><\/p>\n<hr \/>\n<p><b>6 Adagios van Willem Pijper <\/b>in een bewerking voor strijkorkest (2015)<\/p>\n<p>Voor Anneke Volbeda<\/p>\n<p>Niet uitgegeven.<br \/>Tijdsduur: ca. 9 min.<br \/>Zie ook <i>toelichting<\/i><\/p>\n<hr \/>\n<p><b>Suite br\u00eave <\/b>(2015) pour la Compagnie Musique Police Nationale du B\u00e9nin<\/p>\n<p>Niet uitgegeven<br \/>Tijdsduur:<br \/>Zie ook <i>toelichting<br \/><\/i><\/p>\n<hr \/>\n\n\n<p><strong>Le roi et le tambour <\/strong>(1985\/2022) voor symfonieorkest <br>(picc. 22 ca. 22 4331 timp 2 perc: snaredrum, bassdrum, cymbals, tubular chimes, Strings)<\/p>\n\n\n\n<p>Uitgave: Donemus, Den Haag 2022<br>Tijdsduur: ca. 13 min.<br>Zie ook <em>toelichting<\/em><\/p>\n\n\n\n<p>________________________________________________________________________________________________________________<\/p>\n\n\n\n<p><strong>West African suite <\/strong>for brass band (2022)<\/p>\n\n\n\n<ol class=\"wp-block-list\">\n<li>None, none<\/li>\n\n\n\n<li>S\u00e3ri Gabo<\/li>\n\n\n\n<li>D\u00f5 taro kagari w\u00e3<\/li>\n\n\n\n<li>I menama<\/li>\n\n\n\n<li>Yovo tome<\/li>\n\n\n\n<li>Danse<\/li>\n\n\n\n<li>Me edo vima\u00f1o<\/li>\n\n\n\n<li>Nu sianu<\/li>\n<\/ol>\n\n\n\n<p>Niet uitgegeven<br>Tijdsduur: ca. 20 min.<br>Zie ook <em>toelichting<\/em><\/p>\n\n\n\n<p>________________________________________________________________________________________________________________<\/p>\n","protected":false},"excerpt":{"rendered":"<p>Ta TriaPromvariatiesLe Tambour et l\u2019AmourMixing Memory and DesireVier St\u00fccke f\u00fcr Klarinette und OrchesterPiano Concerto6 Adagios voor strijkorkestSuite br\u00eave voor fanfare orkestLe roi et le tambourWest African suite Ta Tria (1964) balletsuite voor symfonie-orkest (2222 2110 timp perc xyl pf str) in samenwerking met Daan Manneke en Marinus Kasbergen.Deel 2: Blues in violet, deel 5: Sarabande&#8230;. <a href=\"https:\/\/www.dirriwachter.com\/wordpress\/orkest\/\">Read more: Orkest<\/a><\/p>\n","protected":false},"author":4,"featured_media":0,"parent":0,"menu_order":0,"comment_status":"closed","ping_status":"closed","template":"","meta":{"footnotes":""},"class_list":["post-63","page","type-page","status-publish","hentry"],"_links":{"self":[{"href":"https:\/\/www.dirriwachter.com\/wordpress\/wp-json\/wp\/v2\/pages\/63","targetHints":{"allow":["GET"]}}],"collection":[{"href":"https:\/\/www.dirriwachter.com\/wordpress\/wp-json\/wp\/v2\/pages"}],"about":[{"href":"https:\/\/www.dirriwachter.com\/wordpress\/wp-json\/wp\/v2\/types\/page"}],"author":[{"embeddable":true,"href":"https:\/\/www.dirriwachter.com\/wordpress\/wp-json\/wp\/v2\/users\/4"}],"replies":[{"embeddable":true,"href":"https:\/\/www.dirriwachter.com\/wordpress\/wp-json\/wp\/v2\/comments?post=63"}],"version-history":[{"count":17,"href":"https:\/\/www.dirriwachter.com\/wordpress\/wp-json\/wp\/v2\/pages\/63\/revisions"}],"predecessor-version":[{"id":880,"href":"https:\/\/www.dirriwachter.com\/wordpress\/wp-json\/wp\/v2\/pages\/63\/revisions\/880"}],"wp:attachment":[{"href":"https:\/\/www.dirriwachter.com\/wordpress\/wp-json\/wp\/v2\/media?parent=63"}],"curies":[{"name":"wp","href":"https:\/\/api.w.org\/{rel}","templated":true}]}}