{"id":47,"date":"2016-05-11T19:07:21","date_gmt":"2016-05-11T19:07:21","guid":{"rendered":"https:\/\/www.dirriwachter.com\/wordpress\/?page_id=47"},"modified":"2025-11-30T09:17:02","modified_gmt":"2025-11-30T08:17:02","slug":"stem-en-harp","status":"publish","type":"page","link":"https:\/\/www.dirriwachter.com\/wordpress\/stem-en-harp\/","title":{"rendered":"Koor en harp"},"content":{"rendered":"<p><b>Vijf Volksliederen van de Hebriden<br \/>Heer Halewijn<br \/><\/b><\/p>\n<hr \/>\n<p><b>Vijf Volksliederen van de Hebriden<\/b> (1992) voor altus en harp.<\/p>\n<p>\u00a0 \u00a0 1.\u00a0 \u2019S tric mi sealltuinn<br \/>\u00a0 \u00a0 2.\u00a0 Hee reeoh<br \/>\u00a0 \u00a0 3.\u00a0 Tha mi sg\u00ecth s\u2019mi leam fh\u00ecn<br \/>\u00a0 \u00a0 4.\u00a0 Ho ro haradal<br \/>\u00a0 \u00a0 5.\u00a0 A Mh\u00e3iri bh\u00f5idheach<\/p>\n<p>Voor Jan Zwerver, altus, en Femke den Teuling, harp, die er de eerste uitvoering van gaven op 06-07-1994 in de Pelsterkerk te Groningen.<br \/>Uitgave als onderdeel van <strong>24 Volksliederen (Band 1): <\/strong>Donemus<br \/>Tijdsduur: ca. 6 min.<br \/>Zie ook <em>toelichting<\/em><\/p>\n<p>________________________________________________________________________________________________________________<\/p>\n<p><strong>Heer Halewijn <\/strong>(2025) voor 3-stemmig vrouwenkoor en harp<\/p>\n<p>Uitgave: Donemus<br \/>Tijdsduur: ca. 7.30 min.<br \/>Zie ook <em>toelichting<\/em><\/p>\n<p>________________________________________________________________________________________________________________<\/p>\n\n\n<p><strong>Als daar muziek voor is&#8230;<\/strong> (2025), acht gedichten van Vasalis voor 3-stemmig vrouwenkoor en harp<\/p>\n\n\n\n<ol class=\"wp-block-list\">\n<li>Als daar muziek voor is<\/li>\n\n\n\n<li>De zee was springende<\/li>\n\n\n\n<li>De wind is het al begonnen<\/li>\n\n\n\n<li>Mijn hart lag uitgespannen<\/li>\n\n\n\n<li>Er zijn dingen, die alleen het oppervlak beroeren<\/li>\n\n\n\n<li>De winter en mijn lief zijn heen<\/li>\n\n\n\n<li>Ik droom steeds vaker in mijn dromen<\/li>\n\n\n\n<li>E\u00e9n dans, \u00e9\u00e9n dans met sproeiende ogen<br><br>Voor het Horas Vrouwenkoor uit Hoogezand -Sappemeer o.l.v. Wim van de Laar<br>Niet uitgegeven<br>Tijdsduur: ca. 17 min<br>Zie ook <em>toelichting<\/em><\/li>\n<\/ol>\n\n\n\n<p>________________________________________________________________________________________________________________<\/p>\n","protected":false},"excerpt":{"rendered":"<p>Vijf Volksliederen van de HebridenHeer Halewijn Vijf Volksliederen van de Hebriden (1992) voor altus en harp. \u00a0 \u00a0 1.\u00a0 \u2019S tric mi sealltuinn\u00a0 \u00a0 2.\u00a0 Hee reeoh\u00a0 \u00a0 3.\u00a0 Tha mi sg\u00ecth s\u2019mi leam fh\u00ecn\u00a0 \u00a0 4.\u00a0 Ho ro haradal\u00a0 \u00a0 5.\u00a0 A Mh\u00e3iri bh\u00f5idheach Voor Jan Zwerver, altus, en Femke den Teuling, harp, die&#8230; <a href=\"https:\/\/www.dirriwachter.com\/wordpress\/stem-en-harp\/\">Read more: Koor en harp<\/a><\/p>\n","protected":false},"author":4,"featured_media":0,"parent":0,"menu_order":0,"comment_status":"closed","ping_status":"closed","template":"","meta":{"footnotes":""},"class_list":["post-47","page","type-page","status-publish","hentry"],"_links":{"self":[{"href":"https:\/\/www.dirriwachter.com\/wordpress\/wp-json\/wp\/v2\/pages\/47","targetHints":{"allow":["GET"]}}],"collection":[{"href":"https:\/\/www.dirriwachter.com\/wordpress\/wp-json\/wp\/v2\/pages"}],"about":[{"href":"https:\/\/www.dirriwachter.com\/wordpress\/wp-json\/wp\/v2\/types\/page"}],"author":[{"embeddable":true,"href":"https:\/\/www.dirriwachter.com\/wordpress\/wp-json\/wp\/v2\/users\/4"}],"replies":[{"embeddable":true,"href":"https:\/\/www.dirriwachter.com\/wordpress\/wp-json\/wp\/v2\/comments?post=47"}],"version-history":[{"count":14,"href":"https:\/\/www.dirriwachter.com\/wordpress\/wp-json\/wp\/v2\/pages\/47\/revisions"}],"predecessor-version":[{"id":939,"href":"https:\/\/www.dirriwachter.com\/wordpress\/wp-json\/wp\/v2\/pages\/47\/revisions\/939"}],"wp:attachment":[{"href":"https:\/\/www.dirriwachter.com\/wordpress\/wp-json\/wp\/v2\/media?parent=47"}],"curies":[{"name":"wp","href":"https:\/\/api.w.org\/{rel}","templated":true}]}}