{"id":204,"date":"2016-05-15T17:03:28","date_gmt":"2016-05-15T15:03:28","guid":{"rendered":"https:\/\/www.dirriwachter.com\/wordpress\/?page_id=204"},"modified":"2016-05-15T17:03:28","modified_gmt":"2016-05-15T15:03:28","slug":"vier-stucke-fur-klarinette-und-orchester","status":"publish","type":"page","link":"https:\/\/www.dirriwachter.com\/wordpress\/vier-stucke-fur-klarinette-und-orchester\/","title":{"rendered":"Vier St\u00fccke f\u00fcr Klarinette und Orchester"},"content":{"rendered":"<p><strong>Vier St\u00fccke f\u00fcr Klarinette und Orchester<\/strong>\u00a0(2003) \u00a0 niet uitgegeven<\/p>\n<p>In 1913 componeerde Alban Berg <em>Vier St\u00fccke f\u00fcr Klarinette und Klavier<\/em><em>, Opus 5.<\/em> De voor Berg zo typerende dramatische melodiek is in deze stukken samengeperst binnen de compacte ruimte van aforismen. Elke tendens naar muzikale expansie wordt ondermijnd door allerlei repeterende patronen, waarmee a.h.w. barri\u00e8res worden opgeworpen tegen elke te sterke thematische drang naar ontwikkeling. Ter verkrijging van een optimale zeggingskracht van deze vier klankminiaturen verlangt de componist uitdrukkelijk van de uitvoerenden ruime pauzes in acht te nemen tussen de opeenvolgende delen.<\/p>\n<p>Op verzoek van de klarinettiste Yfynke Hoogeveen orkestreerde ik in 2003 dit werk. Ik heb gekozen voor een minder grote orkestbezetting dan de componist hanteerde bij zijn voorafgaand opusnummer: <em>F\u00fcnf Orchester-Lieder nach Ansichtkartentexten von peter Altenberg, Opus 4.<\/em> De belangrijkste reden voor deze keuze is het\u00a0verschil in dynamisch profiel tussen de beide werken.<\/p>\n","protected":false},"excerpt":{"rendered":"<p>Vier St\u00fccke f\u00fcr Klarinette und Orchester\u00a0(2003) \u00a0 niet uitgegeven In 1913 componeerde Alban Berg Vier St\u00fccke f\u00fcr Klarinette und Klavier, Opus 5. De voor Berg zo typerende dramatische melodiek is in deze stukken samengeperst binnen de compacte ruimte van aforismen. Elke tendens naar muzikale expansie wordt ondermijnd door allerlei repeterende patronen, waarmee a.h.w. barri\u00e8res worden&#8230; <a href=\"https:\/\/www.dirriwachter.com\/wordpress\/vier-stucke-fur-klarinette-und-orchester\/\">Read more: Vier St\u00fccke f\u00fcr Klarinette und Orchester<\/a><\/p>\n","protected":false},"author":4,"featured_media":0,"parent":0,"menu_order":0,"comment_status":"closed","ping_status":"closed","template":"","meta":{"footnotes":""},"class_list":["post-204","page","type-page","status-publish","hentry"],"_links":{"self":[{"href":"https:\/\/www.dirriwachter.com\/wordpress\/wp-json\/wp\/v2\/pages\/204","targetHints":{"allow":["GET"]}}],"collection":[{"href":"https:\/\/www.dirriwachter.com\/wordpress\/wp-json\/wp\/v2\/pages"}],"about":[{"href":"https:\/\/www.dirriwachter.com\/wordpress\/wp-json\/wp\/v2\/types\/page"}],"author":[{"embeddable":true,"href":"https:\/\/www.dirriwachter.com\/wordpress\/wp-json\/wp\/v2\/users\/4"}],"replies":[{"embeddable":true,"href":"https:\/\/www.dirriwachter.com\/wordpress\/wp-json\/wp\/v2\/comments?post=204"}],"version-history":[{"count":1,"href":"https:\/\/www.dirriwachter.com\/wordpress\/wp-json\/wp\/v2\/pages\/204\/revisions"}],"predecessor-version":[{"id":205,"href":"https:\/\/www.dirriwachter.com\/wordpress\/wp-json\/wp\/v2\/pages\/204\/revisions\/205"}],"wp:attachment":[{"href":"https:\/\/www.dirriwachter.com\/wordpress\/wp-json\/wp\/v2\/media?parent=204"}],"curies":[{"name":"wp","href":"https:\/\/api.w.org\/{rel}","templated":true}]}}