{"id":178,"date":"2016-05-15T16:55:44","date_gmt":"2016-05-15T14:55:44","guid":{"rendered":"https:\/\/www.dirriwachter.com\/wordpress\/?page_id=178"},"modified":"2023-07-05T17:44:48","modified_gmt":"2023-07-05T15:44:48","slug":"20-volksliederen-voor-middenstem-en-piano","status":"publish","type":"page","link":"https:\/\/www.dirriwachter.com\/wordpress\/20-volksliederen-voor-middenstem-en-piano\/","title":{"rendered":"24 Volksliederen voor middenstem en piano, Band I"},"content":{"rendered":"<p><strong>24 Volksliederen voor middenstem en piano<\/strong><strong>\u00a0<\/strong> Uitgave: Donemus, Rijswijk 2021<\/p>\n<p>In de loop der jaren heb ik een paar honderd volksliederen uit allerlei landen bewerkt voor diverse bezettingen. Inspirerende voorbeelden van componisten als Brahms, Bart\u00f3k en Stravinsky laten overtuigend zien, dat in traditionele volksmuziek gave melodie\u00ebn worden aangetroffen die uitstekend gebruikt kunnen worden als thema voor een compositie of als uitgangspunt voor een bewerking.<br \/>\nAls gevolg van de mondialisering wordt streekgebonden volksmuziek vandaag de dag nog slechts in ge\u00efsoleerde uithoeken van de wereld aangetroffen. De onstuitbare invloed van de massamedia is zo groot, dat het eigene in stijl en zeggingskracht gemakkelijk wordt prijsgegeven om te kunnen voldoen aan wat trendmatig als norm wordt gehanteerd.<\/p>\n<p>De 24 voor middenstem en piano geselecteerde liederen zijn gegroepeerd naar zes landen\/streken van herkomst: 4 Italiaanse, 5 van de Hebriden, 4 Spaanse, 4 Poolse, 3 Braziliaanse, 4 Britse. Stylistische verwantschap en muzikaal en tekstinhoudelijk contrast zorgen voor voldoende afwisseling binnen een groep, zodat zes liederencycli ontstaan. Gelet op de inhoud van de liedteksten kunnen de liederen zowel door een man als door een vrouw worden gezongen. De zettingen van de vijf volksliederen van de Hebriden werden oorspronkelijk voor harp gedacht maar kunnen ook aan de piano worden uitgevoerd.<\/p>\n<p>Interessant is de couleur locale die in vrijwel elk volkslied is te horen. Niet alleen de taal waarin gezongen wordt verwijst naar een land of streek, maar ook en vooral\u00a0 aan de muzikale stijl van het lied herkennen we vrijwel meteen het land van herkomst. Het liedritme komt direct voort uit de eigen aard van de gebezigde streektaal.\u00a0 En wat het metrum betreft valt op, dat veel volksliederen verwant zijn aan volksdansen. Opmerkelijk is verder dat veel melodie\u00ebn zich bewegen in een modale toonsoort, nog niet be\u00efnvloed door harmonische clich\u00e9s van latere tijden. Dit eigene van de couleur locale gaat verloren op het moment dat volksmuziek onder invloed van de massamedia moet plaatsmaken voor de muzikale smaak die internationaal trendmatig als norm wordt gehanteerd.<\/p>\n","protected":false},"excerpt":{"rendered":"<p>24 Volksliederen voor middenstem en piano\u00a0 Uitgave: Donemus, Rijswijk 2021 In de loop der jaren heb ik een paar honderd volksliederen uit allerlei landen bewerkt voor diverse bezettingen. Inspirerende voorbeelden van componisten als Brahms, Bart\u00f3k en Stravinsky laten overtuigend zien, dat in traditionele volksmuziek gave melodie\u00ebn worden aangetroffen die uitstekend gebruikt kunnen worden als thema&#8230; <a href=\"https:\/\/www.dirriwachter.com\/wordpress\/20-volksliederen-voor-middenstem-en-piano\/\">Read more: 24 Volksliederen voor middenstem en piano, Band I<\/a><\/p>\n","protected":false},"author":4,"featured_media":0,"parent":0,"menu_order":0,"comment_status":"closed","ping_status":"closed","template":"","meta":{"footnotes":""},"class_list":["post-178","page","type-page","status-publish","hentry"],"_links":{"self":[{"href":"https:\/\/www.dirriwachter.com\/wordpress\/wp-json\/wp\/v2\/pages\/178","targetHints":{"allow":["GET"]}}],"collection":[{"href":"https:\/\/www.dirriwachter.com\/wordpress\/wp-json\/wp\/v2\/pages"}],"about":[{"href":"https:\/\/www.dirriwachter.com\/wordpress\/wp-json\/wp\/v2\/types\/page"}],"author":[{"embeddable":true,"href":"https:\/\/www.dirriwachter.com\/wordpress\/wp-json\/wp\/v2\/users\/4"}],"replies":[{"embeddable":true,"href":"https:\/\/www.dirriwachter.com\/wordpress\/wp-json\/wp\/v2\/comments?post=178"}],"version-history":[{"count":5,"href":"https:\/\/www.dirriwachter.com\/wordpress\/wp-json\/wp\/v2\/pages\/178\/revisions"}],"predecessor-version":[{"id":842,"href":"https:\/\/www.dirriwachter.com\/wordpress\/wp-json\/wp\/v2\/pages\/178\/revisions\/842"}],"wp:attachment":[{"href":"https:\/\/www.dirriwachter.com\/wordpress\/wp-json\/wp\/v2\/media?parent=178"}],"curies":[{"name":"wp","href":"https:\/\/api.w.org\/{rel}","templated":true}]}}